{"id":107,"date":"2017-10-09T14:35:36","date_gmt":"2017-10-09T12:35:36","guid":{"rendered":"http:\/\/cagestion.com\/?page_id=107"},"modified":"2023-03-10T14:21:30","modified_gmt":"2023-03-10T13:21:30","slug":"services","status":"publish","type":"page","link":"https:\/\/cagestion.com\/index.php\/services\/","title":{"rendered":"Services"},"content":{"rendered":"<p><img loading=\"lazy\" decoding=\"async\" class=\"alignnone wp-image-108 size-large\" src=\"http:\/\/cagestion.com\/wp-content\/uploads\/2017\/10\/Fotolia_76702421_S-1024x311.jpg\" alt=\"\" width=\"640\" height=\"194\" srcset=\"https:\/\/cagestion.com\/wp-content\/uploads\/2017\/10\/Fotolia_76702421_S-1024x311.jpg 1024w, https:\/\/cagestion.com\/wp-content\/uploads\/2017\/10\/Fotolia_76702421_S-300x91.jpg 300w, https:\/\/cagestion.com\/wp-content\/uploads\/2017\/10\/Fotolia_76702421_S-768x234.jpg 768w, https:\/\/cagestion.com\/wp-content\/uploads\/2017\/10\/Fotolia_76702421_S-360x109.jpg 360w, https:\/\/cagestion.com\/wp-content\/uploads\/2017\/10\/Fotolia_76702421_S-100x30.jpg 100w, https:\/\/cagestion.com\/wp-content\/uploads\/2017\/10\/Fotolia_76702421_S.jpg 1256w\" sizes=\"(max-width: 640px) 100vw, 640px\" \/><\/p>\n<p><span style=\"font-size: 18pt;\">Adh\u00e9rer \u00e0 1 OGA c&rsquo;est moins d&rsquo;imp\u00f4ts et plus de s\u00e9curit\u00e9 !<\/span><\/p>\n<p>&nbsp;<\/p>\n<p>Nos services se r\u00e9partissent ainsi :<\/p>\n<blockquote>\n<ol>\n<li>Nos missions obligatoires, <span style=\"font-size: 12pt;\">une assistance en mati\u00e8re de gestion et de fiscalit\u00e9 \u00e0 nos adh\u00e9rents.<\/span><\/li>\n<li>1er centre formateur des TPE<\/li>\n<li>Des avantages en tant qu&rsquo;adh\u00e9rent, <span style=\"font-size: 12pt;\">des r\u00e9ductions fiscales.<\/span><\/li>\n<li>Un pack de services + unique dans la r\u00e9gion, <span style=\"font-size: 12pt;\">un r\u00e9seau d&rsquo;entrepreneurs, un \u00ab\u00a0comit\u00e9 d&rsquo;entreprise\u00a0\u00bb, &#8230;<\/span><\/li>\n<\/ol>\n<p>&nbsp;<\/p>\n<p>&nbsp;<\/p><\/blockquote>\n<p>&nbsp;<\/p>\n","protected":false},"excerpt":{"rendered":"<p>Adh\u00e9rer \u00e0 1 OGA c&rsquo;est moins d&rsquo;imp\u00f4ts et plus de s\u00e9curit\u00e9 ! &nbsp; Nos services se r\u00e9partissent ainsi : Nos missions obligatoires, une assistance en mati\u00e8re de gestion et de fiscalit\u00e9 \u00e0 nos adh\u00e9rents. 1er centre formateur des TPE Des avantages en tant qu&rsquo;adh\u00e9rent, des r\u00e9ductions fiscales. Un pack de services + unique dans la&hellip; <a class=\"more-link\" href=\"https:\/\/cagestion.com\/index.php\/services\/\">Continue Reading Services<\/a><\/p>\n","protected":false},"author":1,"featured_media":0,"parent":0,"menu_order":0,"comment_status":"closed","ping_status":"closed","template":"","meta":{"footnotes":""},"_links":{"self":[{"href":"https:\/\/cagestion.com\/index.php\/wp-json\/wp\/v2\/pages\/107"}],"collection":[{"href":"https:\/\/cagestion.com\/index.php\/wp-json\/wp\/v2\/pages"}],"about":[{"href":"https:\/\/cagestion.com\/index.php\/wp-json\/wp\/v2\/types\/page"}],"author":[{"embeddable":true,"href":"https:\/\/cagestion.com\/index.php\/wp-json\/wp\/v2\/users\/1"}],"replies":[{"embeddable":true,"href":"https:\/\/cagestion.com\/index.php\/wp-json\/wp\/v2\/comments?post=107"}],"version-history":[{"count":3,"href":"https:\/\/cagestion.com\/index.php\/wp-json\/wp\/v2\/pages\/107\/revisions"}],"predecessor-version":[{"id":358,"href":"https:\/\/cagestion.com\/index.php\/wp-json\/wp\/v2\/pages\/107\/revisions\/358"}],"wp:attachment":[{"href":"https:\/\/cagestion.com\/index.php\/wp-json\/wp\/v2\/media?parent=107"}],"curies":[{"name":"wp","href":"https:\/\/api.w.org\/{rel}","templated":true}]}}