{"id":111,"date":"2017-10-09T14:37:09","date_gmt":"2017-10-09T12:37:09","guid":{"rendered":"http:\/\/cagestion.com\/?page_id=111"},"modified":"2017-10-09T14:37:21","modified_gmt":"2017-10-09T12:37:21","slug":"nos-missions","status":"publish","type":"page","link":"https:\/\/cagestion.com\/index.php\/services\/nos-missions\/","title":{"rendered":"Nos missions"},"content":{"rendered":"<h1><u>Meilleure gestion de votre\u00a0entreprise<\/u><\/h1>\n<p>&gt; Nous vous assurons une <strong>assistance en mati\u00e8re de gestion<\/strong> avec des <strong>conseils personnalis\u00e9s<\/strong> et des r\u00e9unions et bulletins d\u2019informations.<\/p>\n<p>&gt; Nous vous fournissons, si vous \u00eates soumis \u00e0 un r\u00e9gime r\u00e9el d\u2019imposition, <strong>un dossier de gestion<\/strong> comportant :<\/p>\n<ul>\n<li>\n<div>les \u00e9l\u00e9ments chiffr\u00e9s caract\u00e9risant la situation financi\u00e8re et \u00e9conomique de votre entreprise ;<\/div>\n<\/li>\n<li>\n<div>un commentaire sur votre situation (notamment comparaison avec des entreprises du m\u00eame type) ;<\/div>\n<\/li>\n<li>\n<div>\n<p>une analyse de l\u2019\u00e9volution de vos r\u00e9sultats sur plusieurs ann\u00e9es.<\/p>\n<hr \/>\n<\/div>\n<\/li>\n<\/ul>\n<h1>Informations cibl\u00e9es<\/h1>\n<ul>\n<li>Une <strong>revue mensuelle<\/strong> vous sera adress\u00e9e <strong>selon votre cat\u00e9gorie d\u2019activit\u00e9 professionnelle<\/strong>.<\/li>\n<li>Des <strong>statistiques professionnelles<\/strong> et des informations sur des indices de l\u2019\u00e9volution de l\u2019activit\u00e9 pour vous permettre de vous situer par rapport \u00e0 votre secteur.<\/li>\n<li>Une<strong> lettre d\u2019information bimestrielle<\/strong> traitant d\u2019\u00e9conomie, de fiscalit\u00e9, de communication et de tout sujet pouvant int\u00e9ress\u00e9 un chef d\u2019entreprise. <strong>2 pages enti\u00e8res vous sont consacr\u00e9es pour faire conna\u00eetre gratuitement votre entreprise (t\u00e9moignage, reportage) \u00e0 2 000 personnes.<\/strong><\/li>\n<li>Une <strong>newsletter mensuelle<\/strong>, 3 rubriques : l\u2019essentiel de la petite entreprise du mois et 2 articles th\u00e9matiques.<br \/>\n<hr \/>\n<\/li>\n<\/ul>\n<h1>Pr\u00e9vention des difficult\u00e9s et Pr\u00e9vention fiscale<\/h1>\n<ul>\n<li>Si nous constatons des difficult\u00e9s \u00e9conomiques ou financi\u00e8res : analyse de la situation, orientation vers le conseil ou la formation appropri\u00e9.<\/li>\n<li>nous effectuons un examen de coh\u00e9rence et de vraisemblances annuel des liasses fiscales lors de l\u2019\u00e9laboration du dossier de gestion.<\/li>\n<\/ul>\n","protected":false},"excerpt":{"rendered":"<p>Meilleure gestion de votre\u00a0entreprise &gt; Nous vous assurons une assistance en mati\u00e8re de gestion avec des conseils personnalis\u00e9s et des r\u00e9unions et bulletins d\u2019informations. &gt; Nous vous fournissons, si vous \u00eates soumis \u00e0 un r\u00e9gime r\u00e9el d\u2019imposition, un dossier de gestion comportant : les \u00e9l\u00e9ments chiffr\u00e9s caract\u00e9risant la situation financi\u00e8re et \u00e9conomique de votre entreprise&hellip; <a class=\"more-link\" href=\"https:\/\/cagestion.com\/index.php\/services\/nos-missions\/\">Continue Reading Nos missions<\/a><\/p>\n","protected":false},"author":1,"featured_media":0,"parent":107,"menu_order":1,"comment_status":"closed","ping_status":"closed","template":"","meta":{"footnotes":""},"_links":{"self":[{"href":"https:\/\/cagestion.com\/index.php\/wp-json\/wp\/v2\/pages\/111"}],"collection":[{"href":"https:\/\/cagestion.com\/index.php\/wp-json\/wp\/v2\/pages"}],"about":[{"href":"https:\/\/cagestion.com\/index.php\/wp-json\/wp\/v2\/types\/page"}],"author":[{"embeddable":true,"href":"https:\/\/cagestion.com\/index.php\/wp-json\/wp\/v2\/users\/1"}],"replies":[{"embeddable":true,"href":"https:\/\/cagestion.com\/index.php\/wp-json\/wp\/v2\/comments?post=111"}],"version-history":[{"count":1,"href":"https:\/\/cagestion.com\/index.php\/wp-json\/wp\/v2\/pages\/111\/revisions"}],"predecessor-version":[{"id":112,"href":"https:\/\/cagestion.com\/index.php\/wp-json\/wp\/v2\/pages\/111\/revisions\/112"}],"up":[{"embeddable":true,"href":"https:\/\/cagestion.com\/index.php\/wp-json\/wp\/v2\/pages\/107"}],"wp:attachment":[{"href":"https:\/\/cagestion.com\/index.php\/wp-json\/wp\/v2\/media?parent=111"}],"curies":[{"name":"wp","href":"https:\/\/api.w.org\/{rel}","templated":true}]}}