{"id":113,"date":"2017-10-09T14:46:04","date_gmt":"2017-10-09T12:46:04","guid":{"rendered":"http:\/\/cagestion.com\/?page_id=113"},"modified":"2023-06-26T17:43:40","modified_gmt":"2023-06-26T15:43:40","slug":"formations","status":"publish","type":"page","link":"https:\/\/cagestion.com\/index.php\/services\/formations\/","title":{"rendered":"Formations"},"content":{"rendered":"\n\n\n<ul>\n<li>Votre organisme de gestion vous propose chaque mois des contenus de qualit\u00e9, sous diff\u00e9rents formats &#8211; webinaire, ateliers, formations dans nos locaux &#8211; pour vous permettre de d\u00e9velopper votre activit\u00e9 en toute s\u00e9curit\u00e9 et s\u00e9r\u00e9nit\u00e9. <\/li>\n<\/ul>\n\n\n\n\n\n<ul>\n<li>Chef d\u2019entreprise est un \u00ab\u00a0job\u00a0\u00bb \u00e0 part enti\u00e8re, nous avons \u00e0 coeur de vous permettre de d\u00e9velopper cette expertise en vous accompagnant dans les domaines suivants : \u00e9tat d\u2019esprit du dirigeant, leadership, strat\u00e9gie business, fiscalit\u00e9, juridique, gestion, communication \u2026.<\/li>\n<\/ul>\n\n\n\n\n\n<ul>\n<li>Vous pouvez suivre toute notre actualit\u00e9 sur notre page Facebook : https:\/\/www.facebook.com\/champagnardennesgestion\/<\/li>\n<\/ul>\n\n\n\n\n\n<h1 class=\"wp-block-heading\">Formations sp\u00e9cialis\u00e9es, au prix maximum de 39 \u20ac TTC<\/h1>\n\n\n\n<ul>\n<li><strong>1<sup>er<\/sup>&nbsp;centre formateur de la petite entreprise<\/strong>&nbsp;\u00e0 des&nbsp;<strong>conditions financi\u00e8res in\u00e9gal\u00e9es.<\/strong><\/li>\n\n\n\n<li>Nous vous proposons une<strong>&nbsp;trentaine de formations<\/strong>&nbsp;dans l\u2019ann\u00e9e&nbsp;<strong>sp\u00e9cialement con\u00e7ues pour vous<\/strong>&nbsp;sur des th\u00e9matiques vari\u00e9es.<\/li>\n\n\n\n<li>Les formations sont&nbsp;<strong>r\u00e9alis\u00e9es par des chefs d\u2019entreprises<\/strong>, comme vous,&nbsp;<strong>expert dans leurs domaines<\/strong>&nbsp;!<\/li>\n\n\n\n<li>Nos formations sont&nbsp;<strong>\u00e9tudi\u00e9es et adapt\u00e9es au mieux pour vous permettre de trouver,<\/strong>&nbsp;dans un climat de<strong>&nbsp;convivialit\u00e9 et d\u2019\u00e9changes, les r\u00e9ponses \u00e0 vos besoins<\/strong>.<\/li>\n\n\n\n<li>Nos formations s\u2019adressent \u00e0&nbsp;<strong>nos adh\u00e9rents<\/strong>, chefs d\u2019entreprises, \u00e0 leur&nbsp;<strong>conjoint<\/strong>&nbsp;et \u00e0 leurs&nbsp;<strong>salari\u00e9s<\/strong>.<\/li>\n<\/ul>\n\n\n\n<hr class=\"wp-block-separator has-css-opacity\"\/>\n\n\n\n<p>Nous vous proposons d\u2019autres types d\u2019\u00e9v\u00e9nement : les rencontres des adh\u00e9rents, le s\u00e9minaire annuel \u2026<\/p>\n","protected":false},"excerpt":{"rendered":"<p>Formations sp\u00e9cialis\u00e9es, au prix maximum de 39 \u20ac TTC Nous vous proposons d\u2019autres types d\u2019\u00e9v\u00e9nement : les rencontres des adh\u00e9rents, le s\u00e9minaire annuel \u2026<\/p>\n","protected":false},"author":1,"featured_media":0,"parent":107,"menu_order":2,"comment_status":"closed","ping_status":"closed","template":"","meta":{"footnotes":""},"_links":{"self":[{"href":"https:\/\/cagestion.com\/index.php\/wp-json\/wp\/v2\/pages\/113"}],"collection":[{"href":"https:\/\/cagestion.com\/index.php\/wp-json\/wp\/v2\/pages"}],"about":[{"href":"https:\/\/cagestion.com\/index.php\/wp-json\/wp\/v2\/types\/page"}],"author":[{"embeddable":true,"href":"https:\/\/cagestion.com\/index.php\/wp-json\/wp\/v2\/users\/1"}],"replies":[{"embeddable":true,"href":"https:\/\/cagestion.com\/index.php\/wp-json\/wp\/v2\/comments?post=113"}],"version-history":[{"count":15,"href":"https:\/\/cagestion.com\/index.php\/wp-json\/wp\/v2\/pages\/113\/revisions"}],"predecessor-version":[{"id":426,"href":"https:\/\/cagestion.com\/index.php\/wp-json\/wp\/v2\/pages\/113\/revisions\/426"}],"up":[{"embeddable":true,"href":"https:\/\/cagestion.com\/index.php\/wp-json\/wp\/v2\/pages\/107"}],"wp:attachment":[{"href":"https:\/\/cagestion.com\/index.php\/wp-json\/wp\/v2\/media?parent=113"}],"curies":[{"name":"wp","href":"https:\/\/api.w.org\/{rel}","templated":true}]}}