{"id":119,"date":"2017-10-09T14:49:25","date_gmt":"2017-10-09T12:49:25","guid":{"rendered":"http:\/\/cagestion.com\/?page_id=119"},"modified":"2017-10-09T14:49:25","modified_gmt":"2017-10-09T12:49:25","slug":"avantages","status":"publish","type":"page","link":"https:\/\/cagestion.com\/index.php\/services\/avantages\/","title":{"rendered":"Avantages"},"content":{"rendered":"<p>AVANTAGES FISCAUX<\/p>\n<ul>\n<li><strong>Sur le b\u00e9n\u00e9fice fiscal<\/strong> : les b\u00e9n\u00e9fices des adh\u00e9rents soumis \u00e0 l\u2019imp\u00f4t sur les revenus, qui r\u00e9v\u00e8lent d\u2019un r\u00e9gime r\u00e9el d\u2019imposition, ne sont pas soumis \u00e0 la majoration de 25% applicable aux non-adh\u00e9rents de centre de gestion agr\u00e9\u00e9.<\/li>\n<li><strong>D\u00e9duction du salaire du conjoint travaillant dans l\u2019entreprise<\/strong> : pour le conjoint salari\u00e9, si les adh\u00e9rents sont mari\u00e9s sous un r\u00e9gime de communaut\u00e9 ou de participation r\u00e9duite aux acqu\u00eats, pour les entreprises soumises \u00e0 l\u2019Imp\u00f4t sur le revenu : d\u00e9duction int\u00e9grale du salaire du conjoint.<\/li>\n<li><strong>R\u00e9duction d\u2019imp\u00f4t sur le revenu<\/strong> : les adh\u00e9rents, en entreprise individuelle, soumis \u00e0 un r\u00e9gime r\u00e9el d\u2019imposition sur option peuvent dans la limite de 915 \u20ac et selon des conditions de limites de chiffre d\u2019affaires, d\u00e9duire de l\u2019imp\u00f4t les frais de tenue de comptabilit\u00e9 et d\u2019adh\u00e9sion \u00e0 un CGA.<\/li>\n<li><strong>R\u00e9gularisation \u00e9ventuelle de la situation fiscale de l\u2019adh\u00e9rent<\/strong> : s\u2019il s\u2019agit d\u2019une premi\u00e8re adh\u00e9sion (en l\u2019absence de man\u0153uvres frauduleuses, et dans les trois mois de l\u2019adh\u00e9sion).<\/li>\n<li><strong>R\u00e9duction du d\u00e9lai de reprise de l\u2019Administration<\/strong> : le d\u00e9lai est ramen\u00e9\u00a0de 3 ans \u00e0 2 ans. Cet avantage concerne les entreprises impos\u00e9es \u00e0 l\u2019IR ainsi que les soci\u00e9t\u00e9s impos\u00e9es \u00e0 l\u2019IS.<\/li>\n<\/ul>\n<p><img loading=\"lazy\" decoding=\"async\" class=\"alignnone wp-image-120 size-full\" src=\"http:\/\/cagestion.com\/wp-content\/uploads\/2017\/10\/Fotolia_10802612_M-web.jpg\" alt=\"\" width=\"405\" height=\"270\" srcset=\"https:\/\/cagestion.com\/wp-content\/uploads\/2017\/10\/Fotolia_10802612_M-web.jpg 405w, https:\/\/cagestion.com\/wp-content\/uploads\/2017\/10\/Fotolia_10802612_M-web-300x200.jpg 300w, https:\/\/cagestion.com\/wp-content\/uploads\/2017\/10\/Fotolia_10802612_M-web-360x240.jpg 360w, https:\/\/cagestion.com\/wp-content\/uploads\/2017\/10\/Fotolia_10802612_M-web-100x67.jpg 100w\" sizes=\"(max-width: 405px) 100vw, 405px\" \/><\/p>\n<p>&nbsp;<\/p>\n","protected":false},"excerpt":{"rendered":"<p>AVANTAGES FISCAUX Sur le b\u00e9n\u00e9fice fiscal : les b\u00e9n\u00e9fices des adh\u00e9rents soumis \u00e0 l\u2019imp\u00f4t sur les revenus, qui r\u00e9v\u00e8lent d\u2019un r\u00e9gime r\u00e9el d\u2019imposition, ne sont pas soumis \u00e0 la majoration de 25% applicable aux non-adh\u00e9rents de centre de gestion agr\u00e9\u00e9. D\u00e9duction du salaire du conjoint travaillant dans l\u2019entreprise : pour le conjoint salari\u00e9, si les&hellip; <a class=\"more-link\" href=\"https:\/\/cagestion.com\/index.php\/services\/avantages\/\">Continue Reading Avantages<\/a><\/p>\n","protected":false},"author":1,"featured_media":0,"parent":107,"menu_order":3,"comment_status":"closed","ping_status":"closed","template":"","meta":{"footnotes":""},"_links":{"self":[{"href":"https:\/\/cagestion.com\/index.php\/wp-json\/wp\/v2\/pages\/119"}],"collection":[{"href":"https:\/\/cagestion.com\/index.php\/wp-json\/wp\/v2\/pages"}],"about":[{"href":"https:\/\/cagestion.com\/index.php\/wp-json\/wp\/v2\/types\/page"}],"author":[{"embeddable":true,"href":"https:\/\/cagestion.com\/index.php\/wp-json\/wp\/v2\/users\/1"}],"replies":[{"embeddable":true,"href":"https:\/\/cagestion.com\/index.php\/wp-json\/wp\/v2\/comments?post=119"}],"version-history":[{"count":1,"href":"https:\/\/cagestion.com\/index.php\/wp-json\/wp\/v2\/pages\/119\/revisions"}],"predecessor-version":[{"id":121,"href":"https:\/\/cagestion.com\/index.php\/wp-json\/wp\/v2\/pages\/119\/revisions\/121"}],"up":[{"embeddable":true,"href":"https:\/\/cagestion.com\/index.php\/wp-json\/wp\/v2\/pages\/107"}],"wp:attachment":[{"href":"https:\/\/cagestion.com\/index.php\/wp-json\/wp\/v2\/media?parent=119"}],"curies":[{"name":"wp","href":"https:\/\/api.w.org\/{rel}","templated":true}]}}