{"id":153,"date":"2017-10-09T16:05:09","date_gmt":"2017-10-09T14:05:09","guid":{"rendered":"http:\/\/cagestion.com\/?page_id=153"},"modified":"2017-10-09T16:07:43","modified_gmt":"2017-10-09T14:07:43","slug":"affiche","status":"publish","type":"page","link":"https:\/\/cagestion.com\/index.php\/documents\/affiche\/","title":{"rendered":"Affiche"},"content":{"rendered":"<header class=\"entry-header\">\n<h1 class=\"entry-title\">Chers adh\u00e9rents,<\/h1>\n<\/header>\n<p>En contre-partie de la non majoration fiscale, la loi fait notamment obligation aux adh\u00e9rents des Centres de Gestion Agr\u00e9\u00e9s :<\/p>\n<div class=\"entry-content\">\n<ul>\n<li>d\u2019apposer en bonne place dans leur \u00e9tablissement une affiche (ci-dessous) informant la client\u00e8le de l\u2019acceptation des r\u00e8glements par ch\u00e8que et par carte bancaire ;<\/li>\n<li>de reproduire sur\u00a0les documents commerciaux ou professionnels remis aux clients le texte figurant sur l\u2019affiche.<\/li>\n<\/ul>\n<p><a href=\"http:\/\/cagestion.com\/wp-content\/uploads\/2017\/10\/affichette-reglementchequeetcb-unite.pdf\">T\u00e9l\u00e9chargez votre affichette : ici<\/a><\/p>\n<\/div>\n","protected":false},"excerpt":{"rendered":"<p>Chers adh\u00e9rents, En contre-partie de la non majoration fiscale, la loi fait notamment obligation aux adh\u00e9rents des Centres de Gestion Agr\u00e9\u00e9s : d\u2019apposer en bonne place dans leur \u00e9tablissement une affiche (ci-dessous) informant la client\u00e8le de l\u2019acceptation des r\u00e8glements par ch\u00e8que et par carte bancaire ; de reproduire sur\u00a0les documents commerciaux ou professionnels remis aux&hellip; <a class=\"more-link\" href=\"https:\/\/cagestion.com\/index.php\/documents\/affiche\/\">Continue Reading Affiche<\/a><\/p>\n","protected":false},"author":1,"featured_media":0,"parent":140,"menu_order":2,"comment_status":"closed","ping_status":"closed","template":"","meta":{"footnotes":""},"_links":{"self":[{"href":"https:\/\/cagestion.com\/index.php\/wp-json\/wp\/v2\/pages\/153"}],"collection":[{"href":"https:\/\/cagestion.com\/index.php\/wp-json\/wp\/v2\/pages"}],"about":[{"href":"https:\/\/cagestion.com\/index.php\/wp-json\/wp\/v2\/types\/page"}],"author":[{"embeddable":true,"href":"https:\/\/cagestion.com\/index.php\/wp-json\/wp\/v2\/users\/1"}],"replies":[{"embeddable":true,"href":"https:\/\/cagestion.com\/index.php\/wp-json\/wp\/v2\/comments?post=153"}],"version-history":[{"count":3,"href":"https:\/\/cagestion.com\/index.php\/wp-json\/wp\/v2\/pages\/153\/revisions"}],"predecessor-version":[{"id":158,"href":"https:\/\/cagestion.com\/index.php\/wp-json\/wp\/v2\/pages\/153\/revisions\/158"}],"up":[{"embeddable":true,"href":"https:\/\/cagestion.com\/index.php\/wp-json\/wp\/v2\/pages\/140"}],"wp:attachment":[{"href":"https:\/\/cagestion.com\/index.php\/wp-json\/wp\/v2\/media?parent=153"}],"curies":[{"name":"wp","href":"https:\/\/api.w.org\/{rel}","templated":true}]}}