{"id":217,"date":"2019-01-30T18:02:51","date_gmt":"2019-01-30T17:02:51","guid":{"rendered":"http:\/\/cagestion.com\/?page_id=217"},"modified":"2020-08-03T16:24:32","modified_gmt":"2020-08-03T14:24:32","slug":"lettres-dinformations","status":"publish","type":"page","link":"https:\/\/cagestion.com\/index.php\/documents\/lettres-dinformations\/","title":{"rendered":"Lettres d&rsquo;informations"},"content":{"rendered":"\n<p>Retrouvez en ligne d\u00e8s maintenant le nouveau num\u00e9ro de notre lettre d&rsquo;informations.<\/p>\n\n\n\n<figure class=\"wp-block-embed-wordpress wp-block-embed is-type-rich is-provider-slideshare\"><div class=\"wp-block-embed__wrapper\">\n<iframe loading=\"lazy\" title=\"Lettre d&#039;informations de votre organisme de gestion\" src=\"https:\/\/www.slideshare.net\/slideshow\/embed_code\/key\/oANGAjLlDBFauL\" width=\"479\" height=\"511\" frameborder=\"0\" marginwidth=\"0\" marginheight=\"0\" scrolling=\"no\" style=\"border:1px solid #CCC; border-width:1px; margin-bottom:5px; max-width: 100%;\" allowfullscreen> <\/iframe> <div style=\"margin-bottom:5px\"> <strong> <a href=\"https:\/\/fr.slideshare.net\/CGARE51\/lettre-dinformations-de-votre-organisme-de-gestion\" title=\"Lettre d&#39;informations de votre organisme de gestion\" target=\"_blank\">Lettre d&#39;informations de votre organisme de gestion<\/a> <\/strong> from <strong><a href=\"https:\/\/www.slideshare.net\/CGARE51\" target=\"_blank\">Champagne Ardennes Gestion<\/a><\/strong> <\/div>\n<\/div><figcaption>Lettre d&rsquo;information Juillet-Ao\u00fbt 2020<\/figcaption><\/figure>\n\n\n\n<!--nextpage-->\n\n\n\n<p>Retrouvez ici nos anciennes lettres d&rsquo;informations<\/p>\n\n\n\n<figure class=\"wp-block-embed-slideshare wp-block-embed is-type-rich is-provider-slideshare wp-embed-aspect-9-16 wp-has-aspect-ratio\"><div class=\"wp-block-embed__wrapper\">\n<iframe loading=\"lazy\" title=\"Lettre d&#039;informations, Organisme de Gestion Agr\u00e9\u00e9 CHAMPAGNE ARDENNES Gestion\" src=\"https:\/\/www.slideshare.net\/slideshow\/embed_code\/key\/eDQiWw1jr46ezC\" width=\"479\" height=\"511\" frameborder=\"0\" marginwidth=\"0\" marginheight=\"0\" scrolling=\"no\" style=\"border:1px solid #CCC; border-width:1px; margin-bottom:5px; max-width: 100%;\" allowfullscreen> <\/iframe> <div style=\"margin-bottom:5px\"> <strong> <a href=\"https:\/\/fr.slideshare.net\/CGARE51\/lettre-dinformations-organisme-de-gestion-agr-champagne-ardennes-gestion-174124707\" title=\"Lettre d&#39;informations, Organisme de Gestion Agr\u00e9\u00e9 CHAMPAGNE ARDENNES Gestion\" target=\"_blank\">Lettre d&#39;informations, Organisme de Gestion Agr\u00e9\u00e9 CHAMPAGNE ARDENNES Gestion<\/a> <\/strong> from <strong><a href=\"https:\/\/www.slideshare.net\/CGARE51\" target=\"_blank\">Champagne Ardennes Gestion<\/a><\/strong> <\/div>\n<\/div><\/figure>\n\n\n<p>Votre Organisme de Gestion Agr\u00e9\u00e9 CHAMPAGNE ARDENNES Gestion publie pour ses adh\u00e9rents, tous les 2 mois sa lettre d&rsquo;informations \u00ab\u00a0Cest \u00e0 vous\u00a0\u00bb<\/p>\n<p>Cette lettre vous permet de vous informer sur l&rsquo;actualit\u00e9 de l&rsquo;organisme, ses \u00e9v\u00e9nements mais aussi sur la l\u00e9gislation, la communication, la comptabilit\u00e9, le marketing, la gestion du stress, &#8230; Afin de vous aider dans votre d\u00e9veloppement d&rsquo;entreprise.<\/p>\n<p><iframe loading=\"lazy\" width=\"668\" height=\"714\" src=\"\/\/www.slideshare.net\/slideshow\/embed_code\/key\/IL5DXyLqs81VBr\" frameborder=\"0\" marginwidth=\"0\" marginheight=\"0\" scrolling=\"no\" allowfullscreen=\"allowfullscreen\" style=\"border: 1px solid #CCC; border-width: 1px; margin-bottom: 5px; max-width: 100%;\"> <\/iframe><\/p>\n<div style=\"margin-bottom: 5px;\"><strong> <a title=\"Lettre d'informations janvier fevrier 2019\" href=\"\/\/www.slideshare.net\/CGARE51\/lettre-dinformations-janvier-fevrier-2019\" target=\"_blank\" rel=\"noopener noreferrer\">Lettre d&rsquo;informations janvier fevrier 2019<\/a> <\/strong> de <strong><a href=\"https:\/\/www.slideshare.net\/CGARE51\" target=\"_blank\" rel=\"noopener noreferrer\">Champagne Ardennes Gestion<\/a><\/strong><\/div>","protected":false},"excerpt":{"rendered":"<p>Retrouvez en ligne d\u00e8s maintenant le nouveau num\u00e9ro de notre lettre d&rsquo;informations.<\/p>\n","protected":false},"author":1,"featured_media":0,"parent":140,"menu_order":4,"comment_status":"closed","ping_status":"closed","template":"","meta":{"footnotes":""},"_links":{"self":[{"href":"https:\/\/cagestion.com\/index.php\/wp-json\/wp\/v2\/pages\/217"}],"collection":[{"href":"https:\/\/cagestion.com\/index.php\/wp-json\/wp\/v2\/pages"}],"about":[{"href":"https:\/\/cagestion.com\/index.php\/wp-json\/wp\/v2\/types\/page"}],"author":[{"embeddable":true,"href":"https:\/\/cagestion.com\/index.php\/wp-json\/wp\/v2\/users\/1"}],"replies":[{"embeddable":true,"href":"https:\/\/cagestion.com\/index.php\/wp-json\/wp\/v2\/comments?post=217"}],"version-history":[{"count":4,"href":"https:\/\/cagestion.com\/index.php\/wp-json\/wp\/v2\/pages\/217\/revisions"}],"predecessor-version":[{"id":287,"href":"https:\/\/cagestion.com\/index.php\/wp-json\/wp\/v2\/pages\/217\/revisions\/287"}],"up":[{"embeddable":true,"href":"https:\/\/cagestion.com\/index.php\/wp-json\/wp\/v2\/pages\/140"}],"wp:attachment":[{"href":"https:\/\/cagestion.com\/index.php\/wp-json\/wp\/v2\/media?parent=217"}],"curies":[{"name":"wp","href":"https:\/\/api.w.org\/{rel}","templated":true}]}}