{"id":221,"date":"2019-01-30T18:09:31","date_gmt":"2019-01-30T17:09:31","guid":{"rendered":"http:\/\/cagestion.com\/?page_id=221"},"modified":"2022-09-08T11:17:55","modified_gmt":"2022-09-08T09:17:55","slug":"catalogue-de-formations","status":"publish","type":"page","link":"https:\/\/cagestion.com\/index.php\/documents\/catalogue-de-formations\/","title":{"rendered":"Catalogue de formations"},"content":{"rendered":"\n<hr class=\"wp-block-separator has-css-opacity\"\/>\n\n\n\n<p><strong> NOUVEAU CATALOGUE DE FORMATIONS EN LIGNE, d\u00e9couvrez toutes nos th\u00e9matiques d&rsquo;octobre \u00e0 d\u00e9cembre 2022<\/strong>. <\/p>\n\n\n\n<figure class=\"wp-block-embed is-type-rich is-provider-slideshare wp-block-embed-slideshare\"><div class=\"wp-block-embed__wrapper\">\n<iframe loading=\"lazy\" title=\"Programme de FORMATIONS pour entrepreneurs\" src=\"https:\/\/www.slideshare.net\/slideshow\/embed_code\/key\/cpEeRsy6hVaUQF\" width=\"427\" height=\"356\" frameborder=\"0\" marginwidth=\"0\" marginheight=\"0\" scrolling=\"no\" style=\"border:1px solid #CCC; border-width:1px; margin-bottom:5px; max-width: 100%;\" allowfullscreen> <\/iframe> <div style=\"margin-bottom:5px\"> <strong> <a href=\"https:\/\/fr.slideshare.net\/CGARE51\/programme-de-formations-pour-entrepreneurs-252883419\" title=\"Programme de FORMATIONS pour entrepreneurs\" target=\"_blank\">Programme de FORMATIONS pour entrepreneurs<\/a> <\/strong> from <strong><a href=\"https:\/\/www.slideshare.net\/CGARE51\" target=\"_blank\">Champagne Ardennes Gestion<\/a><\/strong> <\/div>\n<\/div><figcaption>CATALOGUE DE FORMATIONS 3\u00e8me trimestre 2022<\/figcaption><\/figure>\n\n\n\n<ol><li>Version \u00e0 IMPRIMER \/ T\u00c9L\u00c9CHARGER : <a href=\"https:\/\/fr.slideshare.net\/CGARE51\/programme-de-formations-pour-entrepreneurs-252883419\" target=\"_blank\" rel=\"noreferrer noopener\">cliquez ici<\/a><\/li><li>Version MOBILE (smartphone et tablette) : <a href=\"https:\/\/www.canva.com\/design\/DAE1scTIgtI\/hMFPggt4l5xO6G6FAgsSmQ\/view?utm_content=DAE1scTIgtI&amp;utm_campaign=designshare&amp;utm_medium=link&amp;utm_source=publishsharelink\" target=\"_blank\" rel=\"noreferrer noopener\">cliquez ici <\/a><\/li><\/ol>\n\n\n\n<p><\/p>\n\n\n","protected":false},"excerpt":{"rendered":"<p>NOUVEAU CATALOGUE DE FORMATIONS EN LIGNE, d\u00e9couvrez toutes nos th\u00e9matiques d&rsquo;octobre \u00e0 d\u00e9cembre 2022. Version \u00e0 IMPRIMER \/ T\u00c9L\u00c9CHARGER : cliquez ici Version MOBILE (smartphone et tablette) : cliquez ici<\/p>\n","protected":false},"author":1,"featured_media":0,"parent":140,"menu_order":5,"comment_status":"closed","ping_status":"closed","template":"","meta":{"footnotes":""},"_links":{"self":[{"href":"https:\/\/cagestion.com\/index.php\/wp-json\/wp\/v2\/pages\/221"}],"collection":[{"href":"https:\/\/cagestion.com\/index.php\/wp-json\/wp\/v2\/pages"}],"about":[{"href":"https:\/\/cagestion.com\/index.php\/wp-json\/wp\/v2\/types\/page"}],"author":[{"embeddable":true,"href":"https:\/\/cagestion.com\/index.php\/wp-json\/wp\/v2\/users\/1"}],"replies":[{"embeddable":true,"href":"https:\/\/cagestion.com\/index.php\/wp-json\/wp\/v2\/comments?post=221"}],"version-history":[{"count":38,"href":"https:\/\/cagestion.com\/index.php\/wp-json\/wp\/v2\/pages\/221\/revisions"}],"predecessor-version":[{"id":356,"href":"https:\/\/cagestion.com\/index.php\/wp-json\/wp\/v2\/pages\/221\/revisions\/356"}],"up":[{"embeddable":true,"href":"https:\/\/cagestion.com\/index.php\/wp-json\/wp\/v2\/pages\/140"}],"wp:attachment":[{"href":"https:\/\/cagestion.com\/index.php\/wp-json\/wp\/v2\/media?parent=221"}],"curies":[{"name":"wp","href":"https:\/\/api.w.org\/{rel}","templated":true}]}}