{"id":34,"date":"2017-07-03T17:02:24","date_gmt":"2017-07-03T15:02:24","guid":{"rendered":"http:\/\/cagestion.com\/?page_id=34"},"modified":"2023-03-10T16:27:17","modified_gmt":"2023-03-10T15:27:17","slug":"accueil","status":"publish","type":"page","link":"https:\/\/cagestion.com\/","title":{"rendered":"Accueil"},"content":{"rendered":"\n<p>CHAMPAGNE ARDENNES Gestion est la r\u00e9f\u00e9rence en terme d&rsquo;accompagnement des TPE, plus de 40 ans d&rsquo;exp\u00e9riences \u00e0 vos c\u00f4t\u00e9s. <\/p>\n\n\n\n<p>Nous sommes \u00e0 vos c\u00f4t\u00e9s pour vous accompagner dans les domaines de la Gestion, de la Pr\u00e9vention, de la Fiscalit\u00e9 ! Nous sommes le premier r\u00e9seau de centre formateur des TPE, et nous d\u00e9veloppons des outils d&rsquo;informations et de formations toujours plus pointues pour vous permettre d&rsquo;\u00eatre toujours au fait de l&rsquo;actualit\u00e9, des normes et des avantages ! <\/p>\n\n\n\n<p>Notre r\u00e9seau de partenaires et d&rsquo;adh\u00e9rents et notre proximit\u00e9 nous permettent de vous accompagner facilement dans la d\u00e9veloppement de votre entreprise. Nous sommes votre premier interlocuteur !<\/p>\n\n\n\n<h2 class=\"wp-block-heading\" id=\"nouveau-catalogue-de-formations\">D\u00e9couvrez un pack de services +<\/h2>\n\n\n\n<p>In\u00e9dit et unique en Champagne Ardennes, nous avons \u00e0 coeur de permettre \u00e0 tous les entrepreneurs et \u00e0 toutes les petites entreprises de b\u00e9n\u00e9ficier de nombreux avantages !<\/p>\n\n\n\n<ul>\n<li><strong><a href=\"http:\/\/cagestion.com\/index.php\/services\/club-avantages\/\">Club Avantages <\/a><\/strong>votre comit\u00e9 d&rsquo;entreprise<\/li>\n\n\n\n<li><strong>Club des adh\u00e9rents,<\/strong> votre r\u00e9seau business<\/li>\n\n\n\n<li>La&nbsp;<strong>newsletter<\/strong>, votre lettre mensuel d\u2019informations<\/li>\n\n\n\n<li>Les&nbsp;<strong>Webinaires<\/strong>, votre veille et votre formation permanente au m\u00e9tier de chef d\u2019entreprise<\/li>\n<\/ul>\n\n\n\n<hr class=\"wp-block-separator has-css-opacity\"\/>\n\n\n","protected":false},"excerpt":{"rendered":"<p>CHAMPAGNE ARDENNES Gestion est la r\u00e9f\u00e9rence en terme d&rsquo;accompagnement des TPE, plus de 40 ans d&rsquo;exp\u00e9riences \u00e0 vos c\u00f4t\u00e9s. Nous sommes \u00e0 vos c\u00f4t\u00e9s pour vous accompagner dans les domaines de la Gestion, de la Pr\u00e9vention, de la Fiscalit\u00e9 ! Nous sommes le premier r\u00e9seau de centre formateur des TPE, et nous d\u00e9veloppons des outils&hellip; <a class=\"more-link\" href=\"https:\/\/cagestion.com\/\">Continue Reading Accueil<\/a><\/p>\n","protected":false},"author":1,"featured_media":0,"parent":0,"menu_order":0,"comment_status":"closed","ping_status":"closed","template":"","meta":{"footnotes":""},"_links":{"self":[{"href":"https:\/\/cagestion.com\/index.php\/wp-json\/wp\/v2\/pages\/34"}],"collection":[{"href":"https:\/\/cagestion.com\/index.php\/wp-json\/wp\/v2\/pages"}],"about":[{"href":"https:\/\/cagestion.com\/index.php\/wp-json\/wp\/v2\/types\/page"}],"author":[{"embeddable":true,"href":"https:\/\/cagestion.com\/index.php\/wp-json\/wp\/v2\/users\/1"}],"replies":[{"embeddable":true,"href":"https:\/\/cagestion.com\/index.php\/wp-json\/wp\/v2\/comments?post=34"}],"version-history":[{"count":42,"href":"https:\/\/cagestion.com\/index.php\/wp-json\/wp\/v2\/pages\/34\/revisions"}],"predecessor-version":[{"id":417,"href":"https:\/\/cagestion.com\/index.php\/wp-json\/wp\/v2\/pages\/34\/revisions\/417"}],"wp:attachment":[{"href":"https:\/\/cagestion.com\/index.php\/wp-json\/wp\/v2\/media?parent=34"}],"curies":[{"name":"wp","href":"https:\/\/api.w.org\/{rel}","templated":true}]}}