{"id":35,"date":"2017-07-03T17:02:24","date_gmt":"2017-07-03T15:02:24","guid":{"rendered":"http:\/\/cagestion.com\/?page_id=35"},"modified":"2017-10-09T12:30:52","modified_gmt":"2017-10-09T10:30:52","slug":"a-propos-de","status":"publish","type":"page","link":"https:\/\/cagestion.com\/index.php\/a-propos-de\/","title":{"rendered":"\u00c0 propos de"},"content":{"rendered":"<table style=\"height: 596px;\" width=\"1384\">\n<tbody>\n<tr>\n<td style=\"width: 1366px;\">Pourquoi adh\u00e9rer \u00e0 un Organisme de gestion Agr\u00e9\u00e9 (OGA ? La r\u00e9ponse en vid\u00e9o &#8230; cliquez sur l&rsquo;image.<\/p>\n<p><!-- x-tinymce\/html --><!-- x-tinymce\/html --><a href=\"http:\/\/www.e-consult.fr\/cgare51\/vod\/pourquoi-adherer-a-un-cga-vod.html\" target=\"_blank\" rel=\"noopener\"><img loading=\"lazy\" decoding=\"async\" class=\"size-medium wp-image-180\" src=\"http:\/\/cgare51.fr\/wp-content\/uploads\/2015\/04\/image-lienvid\u00e9o-pourquoiadhereraucga-1-300x188.jpg\" alt=\"\" width=\"300\" height=\"188\" \/><\/a><\/td>\n<\/tr>\n<tr>\n<td style=\"width: 1366px;\">\n<h3><span style=\"font-size: 10pt; background-color: #ffffff;\">CAGESTION (Centre de Gestion Agr\u00e9\u00e9 : CHAMPAGNE ARDENNES GESTION) dans la Marne et les Ardennes, en Champagne, vous apporte :<\/span><\/h3>\n<ul class=\"arrow_list\">\n<li><span style=\"font-size: 10pt; background-color: #ffffff;\">la non application d\u2019une majoration de 25% du b\u00e9n\u00e9fice imposable,<\/span><\/li>\n<li><span style=\"font-size: 10pt; background-color: #ffffff;\">une assistance \u00e0 la gestion,<\/span><\/li>\n<li><span style=\"font-size: 10pt; background-color: #ffffff;\">une pr\u00e9vention fiscale,<\/span><\/li>\n<li><span style=\"font-size: 10pt; background-color: #ffffff;\">un r\u00e9seau de formations,<\/span><\/li>\n<li><span style=\"font-size: 10pt; background-color: #ffffff;\">et d&rsquo;autres avantages \u00e0 d\u00e9couvrir dans le pack service +<\/span><\/li>\n<\/ul>\n<p><span style=\"font-size: 10pt; background-color: #ffffff;\">Le CGA n\u2019\u00e9tablit pas les comptes et ne tient pas la comptabilit\u00e9 de ses adh\u00e9rents.<\/span><\/p>\n<p><span style=\"font-size: 10pt; background-color: #ffffff;\">Les CGA regroupent, au sein de son\u00a0organe de direction, tout l\u2019environnement \u00e9conomique de la petite entreprise : experts-comptables, organismes consulaires et adh\u00e9rents<\/span><\/td>\n<\/tr>\n<tr>\n<td style=\"width: 1366px;\">\n<h1><span style=\"font-size: 10pt;\">Qui peut adh\u00e9rer ?<\/span><\/h1>\n<p><span style=\"font-size: 10pt;\">Vous pouvez adh\u00e9rer au CGA de votre choix :<\/span><\/p>\n<ul class=\"arrow_list\">\n<li><span style=\"font-size: 10pt;\">si vous \u00eates commer\u00e7ant, artisan, industriel ;<\/span><\/li>\n<li><span style=\"font-size: 10pt;\">si vous exercez une activit\u00e9 relevant de la cat\u00e9gorie des b\u00e9n\u00e9fices industriels et commerciaux. L\u2019adh\u00e9sion peut s\u2019\u00e9tendre aux activit\u00e9s agricoles et aux activit\u00e9s connexes \u00e0 l\u2019activit\u00e9 principale ;<\/span><\/li>\n<li><span style=\"font-size: 10pt;\">quel que soit votre r\u00e9gime juridique ou fiscal et votre mode d\u2019imposition.<\/span><\/li>\n<\/ul>\n<p><span style=\"font-size: 10pt;\">Attention : les entreprises soumises \u00e0 l\u2019imp\u00f4t sur les soci\u00e9t\u00e9s ou au r\u00e9gime micro-entreprise (y compris les auto-entrepreneurs) peuvent adh\u00e9rer, mais ne b\u00e9n\u00e9ficient pas des avantages fiscaux.<\/span><\/td>\n<\/tr>\n<tr>\n<td style=\"width: 1366px;\"><span style=\"font-size: 10pt;\">N&rsquo;h\u00e9sitez pas \u00e0 <a href=\"mailto:contcat@cagestion.com\">nous contacter<\/a> pour toute question.<\/span><\/td>\n<\/tr>\n<\/tbody>\n<\/table>\n<p>&nbsp;<\/p>\n","protected":false},"excerpt":{"rendered":"<p>Pourquoi adh\u00e9rer \u00e0 un Organisme de gestion Agr\u00e9\u00e9 (OGA ? La r\u00e9ponse en vid\u00e9o &#8230; cliquez sur l&rsquo;image. CAGESTION (Centre de Gestion Agr\u00e9\u00e9 : CHAMPAGNE ARDENNES GESTION) dans la Marne et les Ardennes, en Champagne, vous apporte : la non application d\u2019une majoration de 25% du b\u00e9n\u00e9fice imposable, une assistance \u00e0 la gestion, une pr\u00e9vention&hellip; <a class=\"more-link\" href=\"https:\/\/cagestion.com\/index.php\/a-propos-de\/\">Continue Reading \u00c0 propos de<\/a><\/p>\n","protected":false},"author":1,"featured_media":0,"parent":0,"menu_order":0,"comment_status":"closed","ping_status":"closed","template":"","meta":{"footnotes":""},"_links":{"self":[{"href":"https:\/\/cagestion.com\/index.php\/wp-json\/wp\/v2\/pages\/35"}],"collection":[{"href":"https:\/\/cagestion.com\/index.php\/wp-json\/wp\/v2\/pages"}],"about":[{"href":"https:\/\/cagestion.com\/index.php\/wp-json\/wp\/v2\/types\/page"}],"author":[{"embeddable":true,"href":"https:\/\/cagestion.com\/index.php\/wp-json\/wp\/v2\/users\/1"}],"replies":[{"embeddable":true,"href":"https:\/\/cagestion.com\/index.php\/wp-json\/wp\/v2\/comments?post=35"}],"version-history":[{"count":6,"href":"https:\/\/cagestion.com\/index.php\/wp-json\/wp\/v2\/pages\/35\/revisions"}],"predecessor-version":[{"id":92,"href":"https:\/\/cagestion.com\/index.php\/wp-json\/wp\/v2\/pages\/35\/revisions\/92"}],"wp:attachment":[{"href":"https:\/\/cagestion.com\/index.php\/wp-json\/wp\/v2\/media?parent=35"}],"curies":[{"name":"wp","href":"https:\/\/api.w.org\/{rel}","templated":true}]}}