{"id":422,"date":"2023-06-26T13:58:17","date_gmt":"2023-06-26T11:58:17","guid":{"rendered":"http:\/\/cagestion.com\/?page_id=422"},"modified":"2023-07-28T13:51:06","modified_gmt":"2023-07-28T11:51:06","slug":"adhesion","status":"publish","type":"page","link":"https:\/\/cagestion.com\/index.php\/adhesion\/","title":{"rendered":"Adh\u00e9sion"},"content":{"rendered":"\n<h1 class=\"wp-block-heading\">BIC, BA, Micro-entreprise et BNC vous pouvez tous adh\u00e9rer \u00e0 notre OGA<\/h1>\n\n\n\n<p>Artisans, commer\u00e7ants, prestataires de services, agriculteurs et viticulteurs, professions lib\u00e9rales, vous pouvez adh\u00e9rer \u00e0 notre Centre de Gestion CHAMPAGNE ARDENNES GESTION.<\/p>\n\n\n\n<p>Les obligations des adh\u00e9rents, en tant qu\u2019adh\u00e9rent d\u2019un Organisme de Gestion Agr\u00e9\u00e9 (OGA) vous \u00eates soumis \u00e0 plusieurs engagements :<\/p>\n\n\n\n<ul>\n<li>vous devez accepter les r\u00e8glements par ch\u00e8que et carte bancaire,<\/li>\n\n\n\n<li>vous devez payer annuellement votre cotisation,<\/li>\n\n\n\n<li>vous devez nous communiquer l\u2019ensemble de vos documents comptables et fiscaux.<\/li>\n<\/ul>\n\n\n\n<p>Pour adh\u00e9rer, il suffit de compl\u00e9ter le bulletin d\u2019adh\u00e9sion du Centre de Gestion Agr\u00e9\u00e9 (CGA) et de nous le retourner par voie postale&nbsp; CHAMPAGNE ARDENNES GESTION\u2013 BP 275 \u2013 51687 Reims Cedex 2<\/p>\n\n\n\n<p>Vous pourrez trouver le bulletin d\u2019adh\u00e9sion \u00e0 remplir en ligne ou \u00e0 imprimer dans la rubrique \u00ab&nbsp;documents&nbsp;\u00bb,&nbsp;<a href=\"http:\/\/cagestion.com\/index.php\/documents\/bulletin-adhesion\/\">ici<\/a><\/p>\n\n\n\n<hr class=\"wp-block-separator has-alpha-channel-opacity\"\/>\n\n\n\n<p><strong>Co\u00fbt de votre adh\u00e9sion<\/strong><\/p>\n\n\n\n<p>&gt; Une cotisation de 298,80 \u20ac TTC pour les BIC et les BA<\/p>\n\n\n\n<p>&gt; Une cotisation de 252 \u20ac TTC pour les BNC<\/p>\n\n\n\n<p>&gt; Renouvellement au d\u00e9but de chaque d\u00e9but d\u2019exercice suivant.<\/p>\n\n\n\n<hr class=\"wp-block-separator has-alpha-channel-opacity\"\/>\n\n\n\n<p>Retrouvez <a rel=\"noreferrer noopener\" href=\"https:\/\/cagestion.com\/index.php\/documents\/bulletin-adhesion\/\" target=\"_blank\">ici<\/a> l&rsquo;ensemble des bulletins d&rsquo;adh\u00e9sion \u00e0 t\u00e9l\u00e9charger<\/p>\n\n\n\n<p><\/p>\n","protected":false},"excerpt":{"rendered":"<p>BIC, BA, Micro-entreprise et BNC vous pouvez tous adh\u00e9rer \u00e0 notre OGA Artisans, commer\u00e7ants, prestataires de services, agriculteurs et viticulteurs, professions lib\u00e9rales, vous pouvez adh\u00e9rer \u00e0 notre Centre de Gestion CHAMPAGNE ARDENNES GESTION. Les obligations des adh\u00e9rents, en tant qu\u2019adh\u00e9rent d\u2019un Organisme de Gestion Agr\u00e9\u00e9 (OGA) vous \u00eates soumis \u00e0 plusieurs engagements : Pour adh\u00e9rer,&hellip; <a class=\"more-link\" href=\"https:\/\/cagestion.com\/index.php\/adhesion\/\">Continue Reading Adh\u00e9sion<\/a><\/p>\n","protected":false},"author":1,"featured_media":0,"parent":0,"menu_order":0,"comment_status":"closed","ping_status":"closed","template":"","meta":{"footnotes":""},"_links":{"self":[{"href":"https:\/\/cagestion.com\/index.php\/wp-json\/wp\/v2\/pages\/422"}],"collection":[{"href":"https:\/\/cagestion.com\/index.php\/wp-json\/wp\/v2\/pages"}],"about":[{"href":"https:\/\/cagestion.com\/index.php\/wp-json\/wp\/v2\/types\/page"}],"author":[{"embeddable":true,"href":"https:\/\/cagestion.com\/index.php\/wp-json\/wp\/v2\/users\/1"}],"replies":[{"embeddable":true,"href":"https:\/\/cagestion.com\/index.php\/wp-json\/wp\/v2\/comments?post=422"}],"version-history":[{"count":4,"href":"https:\/\/cagestion.com\/index.php\/wp-json\/wp\/v2\/pages\/422\/revisions"}],"predecessor-version":[{"id":437,"href":"https:\/\/cagestion.com\/index.php\/wp-json\/wp\/v2\/pages\/422\/revisions\/437"}],"wp:attachment":[{"href":"https:\/\/cagestion.com\/index.php\/wp-json\/wp\/v2\/media?parent=422"}],"curies":[{"name":"wp","href":"https:\/\/api.w.org\/{rel}","templated":true}]}}